{"id":19,"date":"2024-10-05T18:25:15","date_gmt":"2024-10-05T21:25:15","guid":{"rendered":"https:\/\/staging0.takira.com.br\/?page_id=19"},"modified":"2024-10-05T23:59:29","modified_gmt":"2024-10-06T02:59:29","slug":"home","status":"publish","type":"page","link":"https:\/\/staging0.takira.com.br\/","title":{"rendered":"Home"},"content":{"rendered":"\t\t<div data-elementor-type=\"wp-page\" data-elementor-id=\"19\" class=\"elementor elementor-19\" data-elementor-post-type=\"page\">\n\t\t\t\t<div class=\"elementor-element elementor-element-03b34ba e-flex e-con-boxed e-con e-parent\" data-id=\"03b34ba\" data-element_type=\"container\" data-settings=\"{&quot;background_background&quot;:&quot;classic&quot;}\">\n\t\t\t\t\t<div class=\"e-con-inner\">\n\t\t\t\t<div class=\"elementor-element elementor-element-f97e077 elementor-widget elementor-widget-image\" data-id=\"f97e077\" data-element_type=\"widget\" data-widget_type=\"image.default\">\n\t\t\t\t<div class=\"elementor-widget-container\">\n\t\t\t\t\t\t\t\t\t\t\t\t\t<img decoding=\"async\" width=\"150\" height=\"150\" src=\"https:\/\/staging0.takira.com.br\/wp-content\/uploads\/2024\/08\/logotipo-150x150.png\" class=\"attachment-thumbnail size-thumbnail wp-image-28\" alt=\"\" \/>\t\t\t\t\t\t\t\t\t\t\t\t\t<\/div>\n\t\t\t\t<\/div>\n\t\t\t\t<div class=\"elementor-element elementor-element-d61fd41 elementor-widget elementor-widget-heading\" data-id=\"d61fd41\" data-element_type=\"widget\" data-widget_type=\"heading.default\">\n\t\t\t\t<div class=\"elementor-widget-container\">\n\t\t\t<h1 class=\"elementor-heading-title elementor-size-default\">Estrat\u00e9gias e Diferenciais<\/h1>\t\t<\/div>\n\t\t\t\t<\/div>\n\t\t\t\t<div class=\"elementor-element elementor-element-a64f49c elementor-widget elementor-widget-heading\" data-id=\"a64f49c\" data-element_type=\"widget\" data-widget_type=\"heading.default\">\n\t\t\t\t<div class=\"elementor-widget-container\">\n\t\t\t<h2 class=\"elementor-heading-title elementor-size-default\">Intelig\u00eancia de Mercado<\/h2>\t\t<\/div>\n\t\t\t\t<\/div>\n\t\t\t\t<div class=\"elementor-element elementor-element-e3c4246 elementor-widget elementor-widget-button\" data-id=\"e3c4246\" data-element_type=\"widget\" data-widget_type=\"button.default\">\n\t\t\t\t<div class=\"elementor-widget-container\">\n\t\t\t\t\t\t\t<div class=\"elementor-button-wrapper\">\n\t\t\t\t\t<a class=\"elementor-button elementor-button-link elementor-size-sm\" href=\"#\">\n\t\t\t\t\t\t<span class=\"elementor-button-content-wrapper\">\n\t\t\t\t\t\t<span class=\"elementor-button-icon\">\n\t\t\t\t<svg aria-hidden=\"true\" class=\"e-font-icon-svg e-far-arrow-alt-circle-down\" viewBox=\"0 0 512 512\" xmlns=\"http:\/\/www.w3.org\/2000\/svg\"><path d=\"M256 8C119 8 8 119 8 256s111 248 248 248 248-111 248-248S393 8 256 8zm0 448c-110.5 0-200-89.5-200-200S145.5 56 256 56s200 89.5 200 200-89.5 200-200 200zm-32-316v116h-67c-10.7 0-16 12.9-8.5 20.5l99 99c4.7 4.7 12.3 4.7 17 0l99-99c7.6-7.6 2.2-20.5-8.5-20.5h-67V140c0-6.6-5.4-12-12-12h-40c-6.6 0-12 5.4-12 12z\"><\/path><\/svg>\t\t\t<\/span>\n\t\t\t\t\t\t\t\t\t<span class=\"elementor-button-text\">Explorar<\/span>\n\t\t\t\t\t<\/span>\n\t\t\t\t\t<\/a>\n\t\t\t\t<\/div>\n\t\t\t\t\t\t<\/div>\n\t\t\t\t<\/div>\n\t\t\t\t\t<\/div>\n\t\t\t\t<\/div>\n\t\t<div class=\"elementor-element elementor-element-e592319 e-flex e-con-boxed e-con e-parent\" data-id=\"e592319\" data-element_type=\"container\" data-settings=\"{&quot;background_background&quot;:&quot;classic&quot;}\">\n\t\t\t\t\t<div class=\"e-con-inner\">\n\t\t\t\t<div class=\"elementor-element elementor-element-0e2be21 elementor-widget elementor-widget-image\" data-id=\"0e2be21\" data-element_type=\"widget\" data-widget_type=\"image.default\">\n\t\t\t\t<div class=\"elementor-widget-container\">\n\t\t\t\t\t\t\t\t\t\t\t\t\t<img fetchpriority=\"high\" decoding=\"async\" width=\"777\" height=\"133\" src=\"https:\/\/staging0.takira.com.br\/wp-content\/uploads\/2024\/10\/nobrains.png\" class=\"attachment-full size-full wp-image-47\" alt=\"\" srcset=\"https:\/\/staging0.takira.com.br\/wp-content\/uploads\/2024\/10\/nobrains.png 777w, https:\/\/staging0.takira.com.br\/wp-content\/uploads\/2024\/10\/nobrains-300x51.png 300w, https:\/\/staging0.takira.com.br\/wp-content\/uploads\/2024\/10\/nobrains-768x131.png 768w\" sizes=\"(max-width: 777px) 100vw, 777px\" \/>\t\t\t\t\t\t\t\t\t\t\t\t\t<\/div>\n\t\t\t\t<\/div>\n\t\t\t\t\t<\/div>\n\t\t\t\t<\/div>\n\t\t<div class=\"elementor-element elementor-element-71799a0 e-flex e-con-boxed e-con e-parent\" data-id=\"71799a0\" data-element_type=\"container\" data-settings=\"{&quot;background_background&quot;:&quot;classic&quot;}\">\n\t\t\t\t\t<div class=\"e-con-inner\">\n\t\t<div class=\"elementor-element elementor-element-54dd906 e-con-full e-flex e-con e-child\" data-id=\"54dd906\" data-element_type=\"container\">\n\t\t\t\t<div class=\"elementor-element elementor-element-e727166 elementor-widget elementor-widget-image\" data-id=\"e727166\" data-element_type=\"widget\" data-widget_type=\"image.default\">\n\t\t\t\t<div class=\"elementor-widget-container\">\n\t\t\t\t\t\t\t\t\t\t\t\t\t<img decoding=\"async\" width=\"719\" height=\"488\" src=\"https:\/\/staging0.takira.com.br\/wp-content\/uploads\/2024\/10\/2.jpg\" class=\"attachment-large size-large wp-image-53\" alt=\"\" srcset=\"https:\/\/staging0.takira.com.br\/wp-content\/uploads\/2024\/10\/2.jpg 719w, https:\/\/staging0.takira.com.br\/wp-content\/uploads\/2024\/10\/2-300x204.jpg 300w\" sizes=\"(max-width: 719px) 100vw, 719px\" \/>\t\t\t\t\t\t\t\t\t\t\t\t\t<\/div>\n\t\t\t\t<\/div>\n\t\t\t\t<\/div>\n\t\t<div class=\"elementor-element elementor-element-6862069 e-con-full e-flex e-con e-child\" data-id=\"6862069\" data-element_type=\"container\">\n\t\t\t\t<div class=\"elementor-element elementor-element-7f05da4 elementor-widget elementor-widget-heading\" data-id=\"7f05da4\" data-element_type=\"widget\" data-widget_type=\"heading.default\">\n\t\t\t\t<div class=\"elementor-widget-container\">\n\t\t\t<h2 class=\"elementor-heading-title elementor-size-default\">Logo, Identity &amp;\n<br>Web Design for Uber<\/h2>\t\t<\/div>\n\t\t\t\t<\/div>\n\t\t\t\t<div class=\"elementor-element elementor-element-f559346 elementor-widget elementor-widget-text-editor\" data-id=\"f559346\" data-element_type=\"widget\" data-widget_type=\"text-editor.default\">\n\t\t\t\t<div class=\"elementor-widget-container\">\n\t\t\t\t\t\t\t<p>Somos uma Ag\u00eancia de Publicidade onde queimamos neur\u00f4nios para romper a barreira da imagina\u00e7\u00e3o e dar asas a um mundo de ideias. Para n\u00f3s, comunicar \u00e9 simplificar, \u00e9 transformar uma pequena inven\u00e7\u00e3o em uma grande ideia. E dessa ideia, produzir resultados. N\u00e3o temos uma f\u00f3rmula inovadora de sucesso, mas temos solu\u00e7\u00f5es estrat\u00e9gicas de como voc\u00ea pode chegar l\u00e1. N\u00e3o importa o tamanho da inven\u00e7\u00e3o, ela vai gerar uma mudan\u00e7a na sua vida.<\/p><p><br><\/p>\t\t\t\t\t\t<\/div>\n\t\t\t\t<\/div>\n\t\t\t\t<\/div>\n\t\t\t\t\t<\/div>\n\t\t\t\t<\/div>\n\t\t<div class=\"elementor-element elementor-element-eff63e6 e-flex e-con-boxed e-con e-parent\" data-id=\"eff63e6\" data-element_type=\"container\">\n\t\t\t\t\t<div class=\"e-con-inner\">\n\t\t\t\t<div class=\"elementor-element elementor-element-edeb0ad elementor-widget elementor-widget-heading\" data-id=\"edeb0ad\" data-element_type=\"widget\" data-widget_type=\"heading.default\">\n\t\t\t\t<div class=\"elementor-widget-container\">\n\t\t\t<h1 class=\"elementor-heading-title elementor-size-default\">O que fazemos<\/h1>\t\t<\/div>\n\t\t\t\t<\/div>\n\t\t<div class=\"elementor-element elementor-element-dca80f2 e-grid e-con-full e-con e-child\" data-id=\"dca80f2\" data-element_type=\"container\">\n\t\t\t\t<div class=\"elementor-element elementor-element-00c5a4c elementor-position-left elementor-vertical-align-middle elementor-widget elementor-widget-image-box\" data-id=\"00c5a4c\" data-element_type=\"widget\" data-widget_type=\"image-box.default\">\n\t\t\t\t<div class=\"elementor-widget-container\">\n\t\t\t<div class=\"elementor-image-box-wrapper\"><figure class=\"elementor-image-box-img\"><img loading=\"lazy\" decoding=\"async\" width=\"75\" height=\"75\" src=\"https:\/\/staging0.takira.com.br\/wp-content\/uploads\/2024\/10\/planejamento.png\" class=\"attachment-full size-full wp-image-68\" alt=\"\" \/><\/figure><div class=\"elementor-image-box-content\"><h3 class=\"elementor-image-box-title\">Planejamento<\/h3><p class=\"elementor-image-box-description\">Utilizamos o Ciclo Wide de Conhecimento como m\u00e9todo de reciclagem continuada para tomada de decis\u00e3o. M\u00e9todos \u00e1geis e observa\u00e7\u00e3o centrada nas pessoas orientam nossas an\u00e1lises.<\/p><\/div><\/div>\t\t<\/div>\n\t\t\t\t<\/div>\n\t\t\t\t<div class=\"elementor-element elementor-element-31bf317 elementor-position-left elementor-vertical-align-middle elementor-widget elementor-widget-image-box\" data-id=\"31bf317\" data-element_type=\"widget\" data-widget_type=\"image-box.default\">\n\t\t\t\t<div class=\"elementor-widget-container\">\n\t\t\t<div class=\"elementor-image-box-wrapper\"><figure class=\"elementor-image-box-img\"><img loading=\"lazy\" decoding=\"async\" width=\"75\" height=\"75\" src=\"https:\/\/staging0.takira.com.br\/wp-content\/uploads\/2024\/10\/criacao.png\" class=\"attachment-full size-full wp-image-71\" alt=\"\" \/><\/figure><div class=\"elementor-image-box-content\"><h3 class=\"elementor-image-box-title\">Cria\u00e7\u00e3o<\/h3><p class=\"elementor-image-box-description\">Utilizamos o Ciclo Wide de Conhecimento como m\u00e9todo de reciclagem continuada para tomada de decis\u00e3o. M\u00e9todos \u00e1geis e observa\u00e7\u00e3o centrada nas pessoas orientam nossas an\u00e1lises.<\/p><\/div><\/div>\t\t<\/div>\n\t\t\t\t<\/div>\n\t\t\t\t<div class=\"elementor-element elementor-element-90e2503 elementor-position-left elementor-vertical-align-middle elementor-widget elementor-widget-image-box\" data-id=\"90e2503\" data-element_type=\"widget\" data-widget_type=\"image-box.default\">\n\t\t\t\t<div class=\"elementor-widget-container\">\n\t\t\t<div class=\"elementor-image-box-wrapper\"><figure class=\"elementor-image-box-img\"><img loading=\"lazy\" decoding=\"async\" width=\"75\" height=\"75\" src=\"https:\/\/staging0.takira.com.br\/wp-content\/uploads\/2024\/10\/conteudo.png\" class=\"attachment-full size-full wp-image-70\" alt=\"\" \/><\/figure><div class=\"elementor-image-box-content\"><h3 class=\"elementor-image-box-title\">Conte\u00fado<\/h3><p class=\"elementor-image-box-description\">Utilizamos o Ciclo Wide de Conhecimento como m\u00e9todo de reciclagem continuada para tomada de decis\u00e3o. M\u00e9todos \u00e1geis e observa\u00e7\u00e3o centrada nas pessoas orientam nossas an\u00e1lises.<\/p><\/div><\/div>\t\t<\/div>\n\t\t\t\t<\/div>\n\t\t\t\t<div class=\"elementor-element elementor-element-00a377c elementor-position-left elementor-vertical-align-middle elementor-widget elementor-widget-image-box\" data-id=\"00a377c\" data-element_type=\"widget\" data-widget_type=\"image-box.default\">\n\t\t\t\t<div class=\"elementor-widget-container\">\n\t\t\t<div class=\"elementor-image-box-wrapper\"><figure class=\"elementor-image-box-img\"><img loading=\"lazy\" decoding=\"async\" width=\"75\" height=\"75\" src=\"https:\/\/staging0.takira.com.br\/wp-content\/uploads\/2024\/10\/midia.png\" class=\"attachment-full size-full wp-image-69\" alt=\"\" \/><\/figure><div class=\"elementor-image-box-content\"><h3 class=\"elementor-image-box-title\">M\u00eddia<\/h3><p class=\"elementor-image-box-description\">Utilizamos o Ciclo Wide de Conhecimento como m\u00e9todo de reciclagem continuada para tomada de decis\u00e3o. M\u00e9todos \u00e1geis e observa\u00e7\u00e3o centrada nas pessoas orientam nossas an\u00e1lises.<\/p><\/div><\/div>\t\t<\/div>\n\t\t\t\t<\/div>\n\t\t\t\t<\/div>\n\t\t\t\t\t<\/div>\n\t\t\t\t<\/div>\n\t\t<div class=\"elementor-element elementor-element-e61e5cb e-flex e-con-boxed e-con e-parent\" data-id=\"e61e5cb\" data-element_type=\"container\">\n\t\t\t\t\t<div class=\"e-con-inner\">\n\t\t\t\t<div class=\"elementor-element elementor-element-f9635a1 elementor-widget elementor-widget-heading\" data-id=\"f9635a1\" data-element_type=\"widget\" data-widget_type=\"heading.default\">\n\t\t\t\t<div class=\"elementor-widget-container\">\n\t\t\t<h1 class=\"elementor-heading-title elementor-size-default\">Nossos clientes<\/h1>\t\t<\/div>\n\t\t\t\t<\/div>\n\t\t\t\t<div class=\"elementor-element elementor-element-3684ea6 elementor-grid-3 elementor-grid-tablet-2 elementor-grid-mobile-1 elementor-widget elementor-widget-portfolio\" data-id=\"3684ea6\" data-element_type=\"widget\" data-settings=\"{&quot;columns&quot;:&quot;3&quot;,&quot;columns_tablet&quot;:&quot;2&quot;,&quot;columns_mobile&quot;:&quot;1&quot;,&quot;item_ratio&quot;:{&quot;unit&quot;:&quot;px&quot;,&quot;size&quot;:0.66,&quot;sizes&quot;:[]},&quot;item_gap&quot;:{&quot;unit&quot;:&quot;px&quot;,&quot;size&quot;:&quot;&quot;,&quot;sizes&quot;:[]},&quot;row_gap&quot;:{&quot;unit&quot;:&quot;px&quot;,&quot;size&quot;:&quot;&quot;,&quot;sizes&quot;:[]}}\" data-widget_type=\"portfolio.default\">\n\t\t\t\t<div class=\"elementor-widget-container\">\n\t\t\t\t\t<div class=\"elementor-portfolio elementor-grid elementor-posts-container\">\n\t\t\t\t<article class=\"elementor-portfolio-item elementor-post  post-86 post type-post status-publish format-standard has-post-thumbnail hentry category-portfolio\">\n\t\t\t<a class=\"elementor-post__thumbnail__link\" href=\"https:\/\/staging0.takira.com.br\/index.php\/2024\/10\/05\/cliente-3\/\">\n\t\t\t\t<div class=\"elementor-portfolio-item__img elementor-post__thumbnail\">\n\t\t\t<img loading=\"lazy\" decoding=\"async\" width=\"719\" height=\"488\" src=\"https:\/\/staging0.takira.com.br\/wp-content\/uploads\/2024\/10\/2.jpg\" class=\"attachment-full size-full wp-image-53\" alt=\"\" srcset=\"https:\/\/staging0.takira.com.br\/wp-content\/uploads\/2024\/10\/2.jpg 719w, https:\/\/staging0.takira.com.br\/wp-content\/uploads\/2024\/10\/2-300x204.jpg 300w\" sizes=\"(max-width: 719px) 100vw, 719px\" \/>\t\t<\/div>\n\t\t\t\t<div class=\"elementor-portfolio-item__overlay\">\n\t\t\t\t<h3 class=\"elementor-portfolio-item__title\">\n\t\tCliente 3\t\t<\/h3>\n\t\t\t\t<\/div>\n\t\t\t\t<\/a>\n\t\t<\/article>\n\t\t\t\t<article class=\"elementor-portfolio-item elementor-post  post-84 post type-post status-publish format-standard has-post-thumbnail hentry category-portfolio\">\n\t\t\t<a class=\"elementor-post__thumbnail__link\" href=\"https:\/\/staging0.takira.com.br\/index.php\/2024\/10\/05\/cliente-2\/\">\n\t\t\t\t<div class=\"elementor-portfolio-item__img elementor-post__thumbnail\">\n\t\t\t<img loading=\"lazy\" decoding=\"async\" width=\"719\" height=\"488\" src=\"https:\/\/staging0.takira.com.br\/wp-content\/uploads\/2024\/10\/2.jpg\" class=\"attachment-full size-full wp-image-53\" alt=\"\" srcset=\"https:\/\/staging0.takira.com.br\/wp-content\/uploads\/2024\/10\/2.jpg 719w, https:\/\/staging0.takira.com.br\/wp-content\/uploads\/2024\/10\/2-300x204.jpg 300w\" sizes=\"(max-width: 719px) 100vw, 719px\" \/>\t\t<\/div>\n\t\t\t\t<div class=\"elementor-portfolio-item__overlay\">\n\t\t\t\t<h3 class=\"elementor-portfolio-item__title\">\n\t\tCliente 2\t\t<\/h3>\n\t\t\t\t<\/div>\n\t\t\t\t<\/a>\n\t\t<\/article>\n\t\t\t\t<article class=\"elementor-portfolio-item elementor-post  post-82 post type-post status-publish format-standard has-post-thumbnail hentry category-portfolio\">\n\t\t\t<a class=\"elementor-post__thumbnail__link\" href=\"https:\/\/staging0.takira.com.br\/index.php\/2024\/10\/05\/cliente-1\/\">\n\t\t\t\t<div class=\"elementor-portfolio-item__img elementor-post__thumbnail\">\n\t\t\t<img loading=\"lazy\" decoding=\"async\" width=\"719\" height=\"488\" src=\"https:\/\/staging0.takira.com.br\/wp-content\/uploads\/2024\/10\/2.jpg\" class=\"attachment-full size-full wp-image-53\" alt=\"\" srcset=\"https:\/\/staging0.takira.com.br\/wp-content\/uploads\/2024\/10\/2.jpg 719w, https:\/\/staging0.takira.com.br\/wp-content\/uploads\/2024\/10\/2-300x204.jpg 300w\" sizes=\"(max-width: 719px) 100vw, 719px\" \/>\t\t<\/div>\n\t\t\t\t<div class=\"elementor-portfolio-item__overlay\">\n\t\t\t\t<h3 class=\"elementor-portfolio-item__title\">\n\t\tCliente 1\t\t<\/h3>\n\t\t\t\t<\/div>\n\t\t\t\t<\/a>\n\t\t<\/article>\n\t\t\t\t<\/div>\n\t\t\t\t<\/div>\n\t\t\t\t<\/div>\n\t\t\t\t\t<\/div>\n\t\t\t\t<\/div>\n\t\t\t\t<\/div>\n\t\t","protected":false},"excerpt":{"rendered":"<p>Estrat\u00e9gias e Diferenciais Intelig\u00eancia de Mercado Explorar Logo, Identity &amp; Web Design for Uber Somos uma Ag\u00eancia de Publicidade onde queimamos neur\u00f4nios para romper a barreira da imagina\u00e7\u00e3o e dar asas a um mundo de ideias. Para n\u00f3s, comunicar \u00e9 simplificar, \u00e9 transformar uma pequena inven\u00e7\u00e3o em uma grande ideia. E dessa ideia, produzir resultados. [&hellip;]<\/p>\n","protected":false},"author":1,"featured_media":0,"parent":0,"menu_order":0,"comment_status":"closed","ping_status":"closed","template":"","meta":{"footnotes":""},"class_list":["post-19","page","type-page","status-publish","hentry"],"_links":{"self":[{"href":"https:\/\/staging0.takira.com.br\/index.php\/wp-json\/wp\/v2\/pages\/19","targetHints":{"allow":["GET"]}}],"collection":[{"href":"https:\/\/staging0.takira.com.br\/index.php\/wp-json\/wp\/v2\/pages"}],"about":[{"href":"https:\/\/staging0.takira.com.br\/index.php\/wp-json\/wp\/v2\/types\/page"}],"author":[{"embeddable":true,"href":"https:\/\/staging0.takira.com.br\/index.php\/wp-json\/wp\/v2\/users\/1"}],"replies":[{"embeddable":true,"href":"https:\/\/staging0.takira.com.br\/index.php\/wp-json\/wp\/v2\/comments?post=19"}],"version-history":[{"count":35,"href":"https:\/\/staging0.takira.com.br\/index.php\/wp-json\/wp\/v2\/pages\/19\/revisions"}],"predecessor-version":[{"id":110,"href":"https:\/\/staging0.takira.com.br\/index.php\/wp-json\/wp\/v2\/pages\/19\/revisions\/110"}],"wp:attachment":[{"href":"https:\/\/staging0.takira.com.br\/index.php\/wp-json\/wp\/v2\/media?parent=19"}],"curies":[{"name":"wp","href":"https:\/\/api.w.org\/{rel}","templated":true}]}}